{"id":7224,"date":"2025-11-04T21:36:31","date_gmt":"2025-11-04T21:36:31","guid":{"rendered":"https:\/\/diodela.eude\/?page_id=7224"},"modified":"2026-01-08T12:40:01","modified_gmt":"2026-01-08T12:40:01","slug":"diocell-laserschweisen","status":"publish","type":"page","link":"https:\/\/diodela.eu\/de\/diocell\/diocell-laserschweisen\/","title":{"rendered":"Diocell Laserschwei\u00dfen"},"content":{"rendered":"","protected":false},"excerpt":{"rendered":"","protected":false},"author":1,"featured_media":7193,"parent":7195,"menu_order":23,"comment_status":"closed","ping_status":"closed","template":"","meta":{"_acf_changed":false,"footnotes":""},"class_list":["post-7224","page","type-page","status-publish","has-post-thumbnail","hentry"],"acf":[],"yoast_head":"<!-- This site is optimized with the Yoast SEO plugin v26.9 - https:\/\/yoast.com\/product\/yoast-seo-wordpress\/ -->\n<title>Diocell Laserschwei\u00dfen - Diodela - Photonik-L\u00f6sungen f\u00fcr die Industrie<\/title>\n<meta name=\"description\" content=\"Robotergest\u00fctzte Laserschwei\u00dfzelle mit CE-zertifiziertem Sicherheitssystem, Zwei-Zonen-Arbeitstisch, Echtzeit\u00fcberwachung und einer Pr\u00e4zision von \u00b10,02 mm.\" \/>\n<meta name=\"robots\" content=\"index, follow, max-snippet:-1, max-image-preview:large, max-video-preview:-1\" \/>\n<link rel=\"canonical\" href=\"https:\/\/diodela.eu\/de\/diocell\/diocell-laserschweisen\/\" \/>\n<meta property=\"og:locale\" content=\"en_US\" \/>\n<meta property=\"og:type\" content=\"article\" \/>\n<meta property=\"og:title\" content=\"Diocell Laserschwei\u00dfen - Diodela - Photonik-L\u00f6sungen f\u00fcr die Industrie\" \/>\n<meta property=\"og:description\" content=\"Robotergest\u00fctzte Laserschwei\u00dfzelle mit CE-zertifiziertem Sicherheitssystem, Zwei-Zonen-Arbeitstisch, Echtzeit\u00fcberwachung und einer Pr\u00e4zision von \u00b10,02 mm.\" \/>\n<meta property=\"og:url\" content=\"https:\/\/diodela.eu\/de\/diocell\/diocell-laserschweisen\/\" \/>\n<meta property=\"og:site_name\" content=\"Diodela - Photonik-L\u00f6sungen f\u00fcr die Industrie\" \/>\n<meta property=\"article:publisher\" content=\"https:\/\/www.facebook.com\/diodela.photonics\" \/>\n<meta property=\"article:modified_time\" content=\"2026-01-08T12:40:01+00:00\" \/>\n<meta property=\"og:image\" content=\"https:\/\/diodela.eu\/de\/wp-content\/uploads\/sites\/6\/2025\/07\/Dizainas-be-pavadinimo-31.png\" \/>\n\t<meta property=\"og:image:width\" content=\"882\" \/>\n\t<meta property=\"og:image:height\" content=\"493\" \/>\n\t<meta property=\"og:image:type\" content=\"image\/png\" \/>\n<meta name=\"twitter:card\" content=\"summary_large_image\" \/>\n<meta name=\"twitter:label1\" content=\"Est. reading time\" \/>\n\t<meta name=\"twitter:data1\" content=\"3 minutes\" \/>\n<script type=\"application\/ld+json\" class=\"yoast-schema-graph\">{\"@context\":\"https:\/\/schema.org\",\"@graph\":[{\"@type\":\"WebPage\",\"@id\":\"https:\/\/diodela.eu\/de\/diocell\/diocell-laserschweisen\/\",\"url\":\"https:\/\/diodela.eu\/de\/diocell\/diocell-laserschweisen\/\",\"name\":\"Diocell Laserschwei\u00dfen - Diodela - Photonik-L\u00f6sungen f\u00fcr die Industrie\",\"isPartOf\":{\"@id\":\"https:\/\/diodela.eu\/de\/#website\"},\"primaryImageOfPage\":{\"@id\":\"https:\/\/diodela.eu\/de\/diocell\/diocell-laserschweisen\/#primaryimage\"},\"image\":{\"@id\":\"https:\/\/diodela.eu\/de\/diocell\/diocell-laserschweisen\/#primaryimage\"},\"thumbnailUrl\":\"https:\/\/diodela.eu\/de\/wp-content\/uploads\/sites\/6\/2025\/07\/Dizainas-be-pavadinimo-31.png\",\"datePublished\":\"2025-11-04T21:36:31+00:00\",\"dateModified\":\"2026-01-08T12:40:01+00:00\",\"description\":\"Robotergest\u00fctzte Laserschwei\u00dfzelle mit CE-zertifiziertem Sicherheitssystem, Zwei-Zonen-Arbeitstisch, Echtzeit\u00fcberwachung und einer Pr\u00e4zision von \u00b10,02 mm.\",\"breadcrumb\":{\"@id\":\"https:\/\/diodela.eu\/de\/diocell\/diocell-laserschweisen\/#breadcrumb\"},\"inLanguage\":\"en-US\",\"potentialAction\":[{\"@type\":\"ReadAction\",\"target\":[\"https:\/\/diodela.eu\/de\/diocell\/diocell-laserschweisen\/\"]}]},{\"@type\":\"ImageObject\",\"inLanguage\":\"en-US\",\"@id\":\"https:\/\/diodela.eu\/de\/diocell\/diocell-laserschweisen\/#primaryimage\",\"url\":\"https:\/\/diodela.eu\/de\/wp-content\/uploads\/sites\/6\/2025\/07\/Dizainas-be-pavadinimo-31.png\",\"contentUrl\":\"https:\/\/diodela.eu\/de\/wp-content\/uploads\/sites\/6\/2025\/07\/Dizainas-be-pavadinimo-31.png\",\"width\":882,\"height\":493},{\"@type\":\"BreadcrumbList\",\"@id\":\"https:\/\/diodela.eu\/de\/diocell\/diocell-laserschweisen\/#breadcrumb\",\"itemListElement\":[{\"@type\":\"ListItem\",\"position\":1,\"name\":\"Home\",\"item\":\"https:\/\/diodela.eu\/de\/\"},{\"@type\":\"ListItem\",\"position\":2,\"name\":\"Diocell Laserschwei\u00dfen\"}]},{\"@type\":\"WebSite\",\"@id\":\"https:\/\/diodela.eu\/de\/#website\",\"url\":\"https:\/\/diodela.eu\/de\/\",\"name\":\"Diodela - Photonik-L\u00f6sungen f\u00fcr die Industrie\",\"description\":\"\",\"publisher\":{\"@id\":\"https:\/\/diodela.eu\/de\/#organization\"},\"potentialAction\":[{\"@type\":\"SearchAction\",\"target\":{\"@type\":\"EntryPoint\",\"urlTemplate\":\"https:\/\/diodela.eu\/de\/?s={search_term_string}\"},\"query-input\":{\"@type\":\"PropertyValueSpecification\",\"valueRequired\":true,\"valueName\":\"search_term_string\"}}],\"inLanguage\":\"en-US\"},{\"@type\":\"Organization\",\"@id\":\"https:\/\/diodela.eu\/de\/#organization\",\"name\":\"Diodela - Photonik-L\u00f6sungen f\u00fcr die Industrie\",\"url\":\"https:\/\/diodela.eu\/de\/\",\"logo\":{\"@type\":\"ImageObject\",\"inLanguage\":\"en-US\",\"@id\":\"https:\/\/diodela.eu\/de\/#\/schema\/logo\/image\/\",\"url\":\"https:\/\/diodela.eu\/de\/wp-content\/uploads\/sites\/6\/2024\/08\/Diodela-photonic-solutions-for-industry-logo-primary.webp\",\"contentUrl\":\"https:\/\/diodela.eu\/de\/wp-content\/uploads\/sites\/6\/2024\/08\/Diodela-photonic-solutions-for-industry-logo-primary.webp\",\"width\":1200,\"height\":194,\"caption\":\"Diodela - Photonik-L\u00f6sungen f\u00fcr die Industrie\"},\"image\":{\"@id\":\"https:\/\/diodela.eu\/de\/#\/schema\/logo\/image\/\"},\"sameAs\":[\"https:\/\/www.facebook.com\/diodela.photonics\",\"https:\/\/www.youtube.com\/channel\/UCIL94OovoLpqt88OU15Da-Q\",\"https:\/\/www.linkedin.com\/company\/diodela\/\"]}]}<\/script>\n<!-- \/ Yoast SEO plugin. -->","yoast_head_json":{"title":"Diocell Laserschwei\u00dfen - Diodela - Photonik-L\u00f6sungen f\u00fcr die Industrie","description":"Robotergest\u00fctzte Laserschwei\u00dfzelle mit CE-zertifiziertem Sicherheitssystem, Zwei-Zonen-Arbeitstisch, Echtzeit\u00fcberwachung und einer Pr\u00e4zision von \u00b10,02 mm.","robots":{"index":"index","follow":"follow","max-snippet":"max-snippet:-1","max-image-preview":"max-image-preview:large","max-video-preview":"max-video-preview:-1"},"canonical":"https:\/\/diodela.eu\/de\/diocell\/diocell-laserschweisen\/","og_locale":"en_US","og_type":"article","og_title":"Diocell Laserschwei\u00dfen - Diodela - Photonik-L\u00f6sungen f\u00fcr die Industrie","og_description":"Robotergest\u00fctzte Laserschwei\u00dfzelle mit CE-zertifiziertem Sicherheitssystem, Zwei-Zonen-Arbeitstisch, Echtzeit\u00fcberwachung und einer Pr\u00e4zision von \u00b10,02 mm.","og_url":"https:\/\/diodela.eu\/de\/diocell\/diocell-laserschweisen\/","og_site_name":"Diodela - Photonik-L\u00f6sungen f\u00fcr die Industrie","article_publisher":"https:\/\/www.facebook.com\/diodela.photonics","article_modified_time":"2026-01-08T12:40:01+00:00","og_image":[{"width":882,"height":493,"url":"https:\/\/diodela.eu\/de\/wp-content\/uploads\/sites\/6\/2025\/07\/Dizainas-be-pavadinimo-31.png","type":"image\/png"}],"twitter_card":"summary_large_image","twitter_misc":{"Est. reading time":"3 minutes"},"schema":{"@context":"https:\/\/schema.org","@graph":[{"@type":"WebPage","@id":"https:\/\/diodela.eu\/de\/diocell\/diocell-laserschweisen\/","url":"https:\/\/diodela.eu\/de\/diocell\/diocell-laserschweisen\/","name":"Diocell Laserschwei\u00dfen - Diodela - Photonik-L\u00f6sungen f\u00fcr die Industrie","isPartOf":{"@id":"https:\/\/diodela.eu\/de\/#website"},"primaryImageOfPage":{"@id":"https:\/\/diodela.eu\/de\/diocell\/diocell-laserschweisen\/#primaryimage"},"image":{"@id":"https:\/\/diodela.eu\/de\/diocell\/diocell-laserschweisen\/#primaryimage"},"thumbnailUrl":"https:\/\/diodela.eu\/de\/wp-content\/uploads\/sites\/6\/2025\/07\/Dizainas-be-pavadinimo-31.png","datePublished":"2025-11-04T21:36:31+00:00","dateModified":"2026-01-08T12:40:01+00:00","description":"Robotergest\u00fctzte Laserschwei\u00dfzelle mit CE-zertifiziertem Sicherheitssystem, Zwei-Zonen-Arbeitstisch, Echtzeit\u00fcberwachung und einer Pr\u00e4zision von \u00b10,02 mm.","breadcrumb":{"@id":"https:\/\/diodela.eu\/de\/diocell\/diocell-laserschweisen\/#breadcrumb"},"inLanguage":"en-US","potentialAction":[{"@type":"ReadAction","target":["https:\/\/diodela.eu\/de\/diocell\/diocell-laserschweisen\/"]}]},{"@type":"ImageObject","inLanguage":"en-US","@id":"https:\/\/diodela.eu\/de\/diocell\/diocell-laserschweisen\/#primaryimage","url":"https:\/\/diodela.eu\/de\/wp-content\/uploads\/sites\/6\/2025\/07\/Dizainas-be-pavadinimo-31.png","contentUrl":"https:\/\/diodela.eu\/de\/wp-content\/uploads\/sites\/6\/2025\/07\/Dizainas-be-pavadinimo-31.png","width":882,"height":493},{"@type":"BreadcrumbList","@id":"https:\/\/diodela.eu\/de\/diocell\/diocell-laserschweisen\/#breadcrumb","itemListElement":[{"@type":"ListItem","position":1,"name":"Home","item":"https:\/\/diodela.eu\/de\/"},{"@type":"ListItem","position":2,"name":"Diocell Laserschwei\u00dfen"}]},{"@type":"WebSite","@id":"https:\/\/diodela.eu\/de\/#website","url":"https:\/\/diodela.eu\/de\/","name":"Diodela - Photonik-L\u00f6sungen f\u00fcr die Industrie","description":"","publisher":{"@id":"https:\/\/diodela.eu\/de\/#organization"},"potentialAction":[{"@type":"SearchAction","target":{"@type":"EntryPoint","urlTemplate":"https:\/\/diodela.eu\/de\/?s={search_term_string}"},"query-input":{"@type":"PropertyValueSpecification","valueRequired":true,"valueName":"search_term_string"}}],"inLanguage":"en-US"},{"@type":"Organization","@id":"https:\/\/diodela.eu\/de\/#organization","name":"Diodela - Photonik-L\u00f6sungen f\u00fcr die Industrie","url":"https:\/\/diodela.eu\/de\/","logo":{"@type":"ImageObject","inLanguage":"en-US","@id":"https:\/\/diodela.eu\/de\/#\/schema\/logo\/image\/","url":"https:\/\/diodela.eu\/de\/wp-content\/uploads\/sites\/6\/2024\/08\/Diodela-photonic-solutions-for-industry-logo-primary.webp","contentUrl":"https:\/\/diodela.eu\/de\/wp-content\/uploads\/sites\/6\/2024\/08\/Diodela-photonic-solutions-for-industry-logo-primary.webp","width":1200,"height":194,"caption":"Diodela - Photonik-L\u00f6sungen f\u00fcr die Industrie"},"image":{"@id":"https:\/\/diodela.eu\/de\/#\/schema\/logo\/image\/"},"sameAs":["https:\/\/www.facebook.com\/diodela.photonics","https:\/\/www.youtube.com\/channel\/UCIL94OovoLpqt88OU15Da-Q","https:\/\/www.linkedin.com\/company\/diodela\/"]}]}},"_links":{"self":[{"href":"https:\/\/diodela.eu\/de\/wp-json\/wp\/v2\/pages\/7224","targetHints":{"allow":["GET"]}}],"collection":[{"href":"https:\/\/diodela.eu\/de\/wp-json\/wp\/v2\/pages"}],"about":[{"href":"https:\/\/diodela.eu\/de\/wp-json\/wp\/v2\/types\/page"}],"author":[{"embeddable":true,"href":"https:\/\/diodela.eu\/de\/wp-json\/wp\/v2\/users\/1"}],"replies":[{"embeddable":true,"href":"https:\/\/diodela.eu\/de\/wp-json\/wp\/v2\/comments?post=7224"}],"version-history":[{"count":6,"href":"https:\/\/diodela.eu\/de\/wp-json\/wp\/v2\/pages\/7224\/revisions"}],"predecessor-version":[{"id":7410,"href":"https:\/\/diodela.eu\/de\/wp-json\/wp\/v2\/pages\/7224\/revisions\/7410"}],"up":[{"embeddable":true,"href":"https:\/\/diodela.eu\/de\/wp-json\/wp\/v2\/pages\/7195"}],"wp:featuredmedia":[{"embeddable":true,"href":"https:\/\/diodela.eu\/de\/wp-json\/wp\/v2\/media\/7193"}],"wp:attachment":[{"href":"https:\/\/diodela.eu\/de\/wp-json\/wp\/v2\/media?parent=7224"}],"curies":[{"name":"wp","href":"https:\/\/api.w.org\/{rel}","templated":true}]}}